{"id":910,"date":"2022-02-21T06:33:55","date_gmt":"2022-02-21T06:33:55","guid":{"rendered":"https:\/\/insel-buch.de\/?post_type=product&#038;p=910"},"modified":"2026-02-26T13:06:47","modified_gmt":"2026-02-26T13:06:47","slug":"juister-alltag","status":"publish","type":"product","link":"https:\/\/insel-buch.de\/?product=juister-alltag","title":{"rendered":"Juister Alltag. Die M\u00fcllentsorgung"},"content":{"rendered":"<p>Mientje und Fynn begleiten die Juister M\u00fcllwerker an einem ihrer Arbeitstage auf der Insel. Die beiden Kinder erfahren wer die wichtigsten Mitarbeiter der M\u00fcllwerker sind und erleben wie stark die drei M\u00e4nner sein m\u00fcssen. Au\u00dferdem lernen sie vieles \u00fcber die M\u00fclltrennung und die spezielle Entsorgung auf der autofreien Insel Juist.<\/p>\n","protected":false},"excerpt":{"rendered":"<div><a href=\"https:\/\/insel-buch.de\/wp-content\/uploads\/blickinsbuch.pdf\" target=\"_blank\" rel=\"noopener noreferrer\">Hier ein kleiner Blick ins Buch<\/a><\/div>\n<div><a href=\"https:\/\/insel-buch.de\/wp-content\/uploads\/Juister-Inselbahn_S15.pdf\" target=\"_blank\" rel=\"noopener noreferrer\"><\/a><a href=\"https:\/\/insel-buch.de\/wp-content\/uploads\/Juister-Inselbahn_profilseiten.pdf\" target=\"_blank\" rel=\"noopener noreferrer\"> die Illustratorin<\/a><\/div>\n","protected":false},"featured_media":915,"template":"","meta":[],"product_brand":[],"product_cat":[49],"product_tag":[],"class_list":{"0":"post-910","1":"product","2":"type-product","3":"status-publish","4":"has-post-thumbnail","6":"product_cat-kinderbuch","7":"product_shipping_class-buch_duenn","9":"first","10":"instock","11":"purchasable","12":"product-type-simple"},"jetpack_sharing_enabled":true,"_links":{"self":[{"href":"https:\/\/insel-buch.de\/index.php?rest_route=\/wp\/v2\/product\/910","targetHints":{"allow":["GET"]}}],"collection":[{"href":"https:\/\/insel-buch.de\/index.php?rest_route=\/wp\/v2\/product"}],"about":[{"href":"https:\/\/insel-buch.de\/index.php?rest_route=\/wp\/v2\/types\/product"}],"wp:featuredmedia":[{"embeddable":true,"href":"https:\/\/insel-buch.de\/index.php?rest_route=\/wp\/v2\/media\/915"}],"wp:attachment":[{"href":"https:\/\/insel-buch.de\/index.php?rest_route=%2Fwp%2Fv2%2Fmedia&parent=910"}],"wp:term":[{"taxonomy":"product_brand","embeddable":true,"href":"https:\/\/insel-buch.de\/index.php?rest_route=%2Fwp%2Fv2%2Fproduct_brand&post=910"},{"taxonomy":"product_cat","embeddable":true,"href":"https:\/\/insel-buch.de\/index.php?rest_route=%2Fwp%2Fv2%2Fproduct_cat&post=910"},{"taxonomy":"product_tag","embeddable":true,"href":"https:\/\/insel-buch.de\/index.php?rest_route=%2Fwp%2Fv2%2Fproduct_tag&post=910"}],"curies":[{"name":"wp","href":"https:\/\/api.w.org\/{rel}","templated":true}]}}