{"id":74,"date":"2019-06-07T16:23:17","date_gmt":"2019-06-07T14:23:17","guid":{"rendered":"http:\/\/localhost\/wordpress\/?post_type=product&#038;p=74"},"modified":"2026-02-26T13:06:47","modified_gmt":"2026-02-26T13:06:47","slug":"insel-backbuch","status":"publish","type":"product","link":"https:\/\/insel-buch.de\/?product=insel-backbuch","title":{"rendered":"Insel Backbuch"},"content":{"rendered":"<p><strong>F\u00fcr Inselliebhaber<\/strong><br \/>\nVon einer Inselbewohnerin zu Inselliebhaberrinnen und Liebhabern.<br \/>\nOb Hobby oder Profi B\u00e4cker, hier findet jeder sein Lieblingsrezept.<br \/>\nDie Geschmacksrichtungen treffen Kinder, Jugendliche, Frauen und M\u00e4nner jeden Alters.<\/p>\n<p><strong>Nachhaltig<\/strong><br \/>\nDie Zutaten k\u00f6nnen f\u00fcr mehrere Rezepte verwendet werden, sodass die Vorratsschublade in der K\u00fcche nicht mit Lebensmitteln \u00fcberf\u00fcllt ist. Ausgew\u00e4hlte Grammzahlen verhindern \u00fcbrig gebliebene Zutaten.<\/p>\n<p><strong>Handlich<\/strong><br \/>\nDas Ma\u00df von A5 findet auf jeder Arbeitsplatte in der K\u00fcche Platz.<br \/>\nIst ein ideales Geschenk f\u00fcr Insel Liebhaber und Back Fans ob zum Geburtstag oder einfach so f\u00fcr liebe Menschen.<\/p>\n<p><strong>Auf einen Blick<\/strong><br \/>\nUnter dem Rezept-Namen finden auch die Infos der Zubereitungsdauer, genaue Zutatenliste und Schritt f\u00fcr Schritt Erkl\u00e4rung Platz.<\/p>\n<p><strong>Kreativ &amp; Liebevoll<br \/>\n<\/strong>Strukturierte Rezepte-Infos treffen auf Kreativbereich, in dem liebevoll Illustrationen und inspirierende Zitate rund ums Backen das Backbuch abrunden.<\/p>\n<p><strong>\u00dcbersichtlich<br \/>\n<\/strong>Auf 234 Seiten finden Sie klare Struktur und einfache Orientierung dank Inhaltsverzeichnis und Register f\u00fcr fruchtig, schokoladig, cremig, nussig, wenig Zucker, vegan, glutenfrei und eigene Favoriten finden Sie schnell das gew\u00fcnschte Rezept wieder.<\/p>\n<p><strong>Hochwertig<\/strong><br \/>\nDas Rezeptbuch ist auf hochwertigem Papier gedruckt, so dass Sie lange Freude daran haben und die Qualit\u00e4t beim Bl\u00e4ttern sp\u00fcren.<\/p>\n<p><strong>Inspirierend<\/strong><br \/>\nZu den Rezepten finden Sie wissenswerte Infos zu den Zutaten, kleine Tipps und Kniffe sowie erfreuliche Zitate rund ums Backen.<\/p>\n","protected":false},"excerpt":{"rendered":"<p>ISBN 9783000624476<\/p>\n<p>Einen Einblick in das Insel Backbuch findest du <a href=\"https:\/\/insel-buch.de\/wp-content\/uploads\/Inselbackbuch.pdf\" target=\"_blank\" rel=\"noopener noreferrer\">hier<\/a><\/p>\n","protected":false},"featured_media":229,"template":"","meta":[],"product_brand":[],"product_cat":[39],"product_tag":[38,43],"class_list":{"0":"post-74","1":"product","2":"type-product","3":"status-publish","4":"has-post-thumbnail","6":"product_cat-backbuecher","7":"product_tag-backbuch","8":"product_tag-ostfriesche-insel","9":"product_shipping_class-standard","11":"first","12":"outofstock","13":"purchasable","14":"product-type-variable"},"jetpack_sharing_enabled":true,"_links":{"self":[{"href":"https:\/\/insel-buch.de\/index.php?rest_route=\/wp\/v2\/product\/74","targetHints":{"allow":["GET"]}}],"collection":[{"href":"https:\/\/insel-buch.de\/index.php?rest_route=\/wp\/v2\/product"}],"about":[{"href":"https:\/\/insel-buch.de\/index.php?rest_route=\/wp\/v2\/types\/product"}],"wp:featuredmedia":[{"embeddable":true,"href":"https:\/\/insel-buch.de\/index.php?rest_route=\/wp\/v2\/media\/229"}],"wp:attachment":[{"href":"https:\/\/insel-buch.de\/index.php?rest_route=%2Fwp%2Fv2%2Fmedia&parent=74"}],"wp:term":[{"taxonomy":"product_brand","embeddable":true,"href":"https:\/\/insel-buch.de\/index.php?rest_route=%2Fwp%2Fv2%2Fproduct_brand&post=74"},{"taxonomy":"product_cat","embeddable":true,"href":"https:\/\/insel-buch.de\/index.php?rest_route=%2Fwp%2Fv2%2Fproduct_cat&post=74"},{"taxonomy":"product_tag","embeddable":true,"href":"https:\/\/insel-buch.de\/index.php?rest_route=%2Fwp%2Fv2%2Fproduct_tag&post=74"}],"curies":[{"name":"wp","href":"https:\/\/api.w.org\/{rel}","templated":true}]}}