{"id":10,"date":"2019-06-07T16:31:44","date_gmt":"2019-06-07T14:31:44","guid":{"rendered":"http:\/\/localhost\/wordpress\/?post_type=product&#038;p=10"},"modified":"2025-12-08T17:57:10","modified_gmt":"2025-12-08T17:57:10","slug":"juister-backbuch-2-0","status":"publish","type":"product","link":"https:\/\/insel-buch.de\/?product=juister-backbuch-2-0","title":{"rendered":"Juister Backbuch"},"content":{"rendered":"<p><strong>F\u00fcr Inselliebhaber<\/strong><br \/>\nVon einer Inselbewohnerin zu Inselliebhaberrinnen und Liebhabern.<br \/>\nOb Hobby oder Profi B\u00e4cker, hier findet jeder sein Lieblingsrezept.<br \/>\nDie Geschmacksrichtungen treffen Kinder, Jugendliche, Frauen und M\u00e4nner jeden Alters.<\/p>\n<p><strong>Nachhaltig<\/strong><br \/>\nDie Zutaten k\u00f6nnen f\u00fcr mehrere Rezepte verwendet werden, sodass die Vorratsschublade in der K\u00fcche nicht mit Lebensmitteln \u00fcberf\u00fcllt ist. Ausgew\u00e4hlte Grammzahlen verhindern \u00fcbrig gebliebene Zutaten.<\/p>\n<p><strong>Handlich<\/strong><br \/>\nDas Hardcover Buch findet auf jeder Arbeitsplatte in der K\u00fcche Platz.\u00a0Die Schriftgr\u00f6\u00dfe ist gro\u00df ausgew\u00e4hlt, damit auf dem Format A5 trotzdem alles gut ersichtlich ist.<\/p>\n<p><strong>Auf einen Blick<\/strong><br \/>\nUnter dem Rezept-Namen finden auch die Infos der Zubereitungsdauer, genaue Zutatenliste und Schritt f\u00fcr Schritt Erkl\u00e4rung Platz.<\/p>\n<p><strong>Kreativ &amp; Liebevoll<br \/>\n<\/strong>Strukturierte Rezepte treffen auf Kreativbereich. Das Buch ist liebevoll mit pers\u00f6nlichen Tipps Illustriert und lassen dieses Buch von den anderen vielen Back B\u00fcchern unterscheiden.<\/p>\n<p><strong>\u00dcbersichtlich<br \/>\n<\/strong>Auf 210 Seiten finden Sie klare Struktur und einfache Orientierung dank Inhaltsverzeichnis und Register f\u00fcr fruchtig, schokoladig, nussig, Torten, Geb\u00e4ck, vegan, glutenfrei finden Sie schnell das gew\u00fcnschte Rezept wieder.<\/p>\n<p><strong>Hochwertig<\/strong><br \/>\nDas Rezeptbuch ist auf hochwertigem Papier gedruckt, so dass Sie lange Freude daran haben und die Qualit\u00e4t beim Bl\u00e4ttern sp\u00fcren.<\/p>\n<p><strong>Inspirierend<\/strong><br \/>\nKlassiker treffen auf neue Zusammenstellungen. Hier wird jede Geschmacksrichtung angesprochen und findet Ihren Favoriten.<\/p>\n","protected":false},"excerpt":{"rendered":"<p><span>ISBN 978-3-9823011-0-5<\/span><\/p>\n<p>Ein Einblick ins Juister Backbuch findest du\u00a0<a href=\"https:\/\/insel-buch.de\/wp-content\/uploads\/JuisterBackbuch.pdf\" target=\"_blank\" rel=\"noopener noreferrer\">hier<\/a>.<\/p>\n","protected":false},"featured_media":251,"template":"","meta":[],"product_brand":[],"product_cat":[42],"product_tag":[38,41],"class_list":{"0":"post-10","1":"product","2":"type-product","3":"status-publish","4":"has-post-thumbnail","6":"product_cat-juister-backbuch","7":"product_tag-backbuch","8":"product_tag-juist","9":"product_shipping_class-standard","11":"first","12":"outofstock","13":"purchasable","14":"product-type-simple"},"jetpack_sharing_enabled":true,"_links":{"self":[{"href":"https:\/\/insel-buch.de\/index.php?rest_route=\/wp\/v2\/product\/10","targetHints":{"allow":["GET"]}}],"collection":[{"href":"https:\/\/insel-buch.de\/index.php?rest_route=\/wp\/v2\/product"}],"about":[{"href":"https:\/\/insel-buch.de\/index.php?rest_route=\/wp\/v2\/types\/product"}],"wp:featuredmedia":[{"embeddable":true,"href":"https:\/\/insel-buch.de\/index.php?rest_route=\/wp\/v2\/media\/251"}],"wp:attachment":[{"href":"https:\/\/insel-buch.de\/index.php?rest_route=%2Fwp%2Fv2%2Fmedia&parent=10"}],"wp:term":[{"taxonomy":"product_brand","embeddable":true,"href":"https:\/\/insel-buch.de\/index.php?rest_route=%2Fwp%2Fv2%2Fproduct_brand&post=10"},{"taxonomy":"product_cat","embeddable":true,"href":"https:\/\/insel-buch.de\/index.php?rest_route=%2Fwp%2Fv2%2Fproduct_cat&post=10"},{"taxonomy":"product_tag","embeddable":true,"href":"https:\/\/insel-buch.de\/index.php?rest_route=%2Fwp%2Fv2%2Fproduct_tag&post=10"}],"curies":[{"name":"wp","href":"https:\/\/api.w.org\/{rel}","templated":true}]}}