{"id":89,"date":"2019-05-16T21:00:53","date_gmt":"2019-05-16T19:00:53","guid":{"rendered":"http:\/\/localhost\/wordpress\/?page_id=3"},"modified":"2019-10-12T17:38:43","modified_gmt":"2019-10-12T17:38:43","slug":"datenschutzerklaerung","status":"publish","type":"page","link":"https:\/\/insel-buch.de\/?page_id=89","title":{"rendered":"Datenschutzerkl\u00e4rung"},"content":{"rendered":"<p><!--StartFragment--><\/p>\n\n\n<p>ALLGEMEINE HINWEISE UND PFLICHTINFORMATIONEN<\/p>\n\n\n\n<p>DATENSCHUTZ<\/p>\n\n\n\n<p>Die Betreiber dieser Seiten nehmen den Schutz\nIhrer pers\u00f6nlichen Daten sehr ernst. Wir behandeln Ihre personenbezogenen Daten\nvertraulich und entsprechend der gesetzlichen Datenschutzvorschriften sowie\ndieser Datenschutzerkl\u00e4rung.<\/p>\n\n\n\n<p>Wenn Sie diese Website benutzen, werden\nverschiedene personenbezogene Daten erhoben. Personenbezogene Daten sind Daten,\nmit denen Sie pers\u00f6nlich identifiziert werden k\u00f6nnen. Die vorliegende\nDatenschutzerkl\u00e4rung erl\u00e4utert, welche Daten wir erheben und wof\u00fcr wir sie\nnutzen. Sie erl\u00e4utert auch, wie und zu welchem Zweck das geschieht.<\/p>\n\n\n\n<p>Wir weisen darauf hin, dass die\nDaten\u00fcbertragung im Internet (z.B. bei der Kommunikation per E-Mail)\nSicherheitsl\u00fccken aufweisen kann. Ein l\u00fcckenloser Schutz der Daten vor dem\nZugriff durch Dritte ist nicht m\u00f6glich.<\/p>\n\n\n\n<p>WIDERRUF IHRER EINWILLIGUNG ZUR DATENVERARBEITUNG<\/p>\n\n\n\n<p>Viele Datenverarbeitungsvorg\u00e4nge sind nur mit\nIhrer ausdr\u00fccklichen Einwilligung m\u00f6glich. Sie k\u00f6nnen eine bereits erteilte Einwilligung\njederzeit widerrufen. Dazu reicht eine formlose Mitteilung per E-Mail an uns.\nDie Rechtm\u00e4\u00dfigkeit der bis zum Widerruf erfolgten Datenverarbeitung bleibt vom\nWiderruf unber\u00fchrt.<\/p>\n\n\n\n<p>BESCHWERDERECHT BEI DER ZUST\u00c4NDIGEN\nAUFSICHTSBEH\u00d6RDE<\/p>\n\n\n\n<p>Im Falle datenschutzrechtlicher Verst\u00f6\u00dfe steht\ndem Betroffenen ein Beschwerderecht bei der zust\u00e4ndigen Aufsichtsbeh\u00f6rde zu.\nZust\u00e4ndige Aufsichtsbeh\u00f6rde in datenschutzrechtlichen Fragen ist der\nLandesdatenschutzbeauftragte des Bundeslandes, in dem unser Unternehmen seinen\nSitz hat. Eine Liste der Datenschutzbeauftragten sowie deren Kontaktdaten\nk\u00f6nnen folgendem Link entnommen werden: <a href=\"https:\/\/www.bfdi.bund.de\/DE\/Infothek\/Anschriften_Links\/anschriften_links-node.html\">https:\/\/www.bfdi.bund.de\/DE\/Infothek\/Anschriften_Links\/anschriften_links-node.html<\/a>.<\/p>\n\n\n\n<p>RECHT AUF DATEN\u00dcBERTRAGBARKEIT<\/p>\n\n\n\n<p>Sie haben das Recht, Daten, die wir auf\nGrundlage Ihrer Einwilligung oder in Erf\u00fcllung eines Vertrags automatisiert\nverarbeiten, an sich oder an einen Dritten in einem g\u00e4ngigen, maschinenlesbaren\nFormat aush\u00e4ndigen zu lassen. Sofern Sie die direkte \u00dcbertragung der Daten an\neinen anderen Verantwortlichen verlangen, erfolgt dies nur, soweit es technisch\nmachbar ist.<\/p>\n\n\n\n<p>VERSCHL\u00dcSSELTER ZAHLUNGSVERKEHR AUF DIESER\nWEBSITE<\/p>\n\n\n\n<p>Besteht nach dem Abschluss eines\nkostenpflichtigen Vertrags eine Verpflichtung, uns Ihre Zahlungsdaten (z.B.\nKontonummer bei Einzugserm\u00e4chtigung) zu \u00fcbermitteln, werden diese Daten zur\nZahlungsabwicklung ben\u00f6tigt.<\/p>\n\n\n\n<p>AUSKUNFT, SPERRUNG, L\u00d6SCHUNG<\/p>\n\n\n\n<p>Sie haben im Rahmen der geltenden gesetzlichen\nBestimmungen jederzeit das Recht auf unentgeltliche Auskunft \u00fcber Ihre\ngespeicherten personenbezogenen Daten, deren Herkunft und Empf\u00e4nger und den\nZweck der Datenverarbeitung und ggf. ein Recht auf Berichtigung, Sperrung oder\nL\u00f6schung dieser Daten. Hierzu sowie zu weiteren Fragen zum Thema\npersonenbezogene Daten k\u00f6nnen Sie sich jederzeit unter der im Impressum\nangegebenen Adresse an uns wenden.<\/p>\n\n\n\n<p>WIDERSPRUCH GEGEN WERBE-MAILS<\/p>\n\n\n\n<p>Der Nutzung von im Rahmen der Impressumspflicht\nver\u00f6ffentlichten Kontaktdaten zur \u00dcbersendung von nicht ausdr\u00fccklich\nangeforderter Werbung und Informationsmaterialien wird hiermit widersprochen.\nDie Betreiber der Seiten behalten sich ausdr\u00fccklich rechtliche Schritte im\nFalle der unverlangten Zusendung von Werbeinformationen, etwa durch\nSpam-E-Mails, vor.<\/p>\n\n\n\n<p>DATENERFASSUNG AUF UNSERER WEBSITE<\/p>\n\n\n\n<p>COOKIES<\/p>\n\n\n\n<p>Die Internetseiten verwenden teilweise so\ngenannte Cookies. Cookies richten auf Ihrem Rechner keinen Schaden an und\nenthalten keine Viren. Cookies dienen dazu, unser Angebot nutzerfreundlicher,\neffektiver und sicherer zu machen. Cookies sind kleine Textdateien, die auf\nIhrem Rechner abgelegt werden und die Ihr Browser speichert.<\/p>\n\n\n\n<p>Die meisten der von uns verwendeten Cookies\nsind so genannte \u201cSession-Cookies\u201d. Sie werden nach Ende Ihres Besuchs\nautomatisch gel\u00f6scht. Andere Cookies bleiben auf Ihrem Endger\u00e4t gespeichert bis\nSie diese l\u00f6schen. Diese Cookies erm\u00f6glichen es uns, Ihren Browser beim\nn\u00e4chsten Besuch wiederzuerkennen.<\/p>\n\n\n\n<p>Sie k\u00f6nnen Ihren Browser so einstellen, dass\nSie \u00fcber das Setzen von Cookies informiert werden und Cookies nur im Einzelfall\nerlauben, die Annahme von Cookies f\u00fcr bestimmte F\u00e4lle oder generell\nausschlie\u00dfen sowie das automatische L\u00f6schen der Cookies beim Schlie\u00dfen des\nBrowser aktivieren. Bei der Deaktivierung von Cookies kann die Funktionalit\u00e4t\ndieser Website eingeschr\u00e4nkt sein.<\/p>\n\n\n\n<p>Cookies, die zur Durchf\u00fchrung des\nelektronischen Kommunikationsvorgangs oder zur Bereitstellung bestimmter, von\nIhnen erw\u00fcnschter Funktionen (z.B. Warenkorbfunktion) erforderlich sind, werden\nauf Grundlage von Art. 6 Abs. 1 lit. f DSGVO gespeichert. Der Websitebetreiber\nhat ein berechtigtes Interesse an der Speicherung von Cookies zur technisch\nfehlerfreien und optimierten Bereitstellung seiner Dienste. Soweit andere\nCookies (z.B. Cookies zur Analyse Ihres Surfverhaltens) gespeichert werden,\nwerden diese in dieser Datenschutzerkl\u00e4rung gesondert behandelt.<\/p>\n\n\n\n<p>SERVER-LOG-DATEIEN<\/p>\n\n\n\n<p>Der Provider der Seiten erhebt und speichert\nautomatisch Informationen in so genannten Server-Log-Dateien, die Ihr Browser\nautomatisch an uns \u00fcbermittelt. Dies sind:<\/p>\n\n\n\n<ul class=\"wp-block-list\"><li>Browsertyp und Browserversion<\/li><li>verwendetes Betriebssystem<\/li><li>Referrer URL<\/li><li>Hostname des zugreifenden Rechners<\/li><li>Uhrzeit der Serveranfrage<\/li><li>IP-Adresse<\/li><\/ul>\n\n\n\n<p>Eine Zusammenf\u00fchrung dieser Daten mit anderen\nDatenquellen wird nicht vorgenommen.<\/p>\n\n\n\n<p>Grundlage f\u00fcr die Datenverarbeitung ist Art. 6\nAbs. 1 lit. f DSGVO, der die Verarbeitung von Daten zur Erf\u00fcllung eines\nVertrags oder vorvertraglicher Ma\u00dfnahmen gestattet.<\/p>\n\n\n\n<p>KONTAKTFORMULAR<\/p>\n\n\n\n<p>Wenn Sie uns per Kontaktformular Anfragen\nzukommen lassen, werden Ihre Angaben aus dem Anfrageformular inklusive der von\nIhnen dort angegebenen Kontaktdaten zwecks Bearbeitung der Anfrage und f\u00fcr den\nFall von Anschlussfragen bei uns gespeichert. Diese Daten geben wir nicht ohne\nIhre Einwilligung weiter.<\/p>\n\n\n\n<p>Die Verarbeitung der in das Kontaktformular\neingegebenen Daten erfolgt somit ausschlie\u00dflich auf Grundlage Ihrer\nEinwilligung (Art. 6 Abs. 1 lit. a DSGVO). Sie k\u00f6nnen diese Einwilligung\njederzeit widerrufen. Dazu reicht eine formlose Mitteilung per E-Mail an uns.\nDie Rechtm\u00e4\u00dfigkeit der bis zum Widerruf erfolgten Datenverarbeitungsvorg\u00e4nge\nbleibt vom Widerruf unber\u00fchrt.<\/p>\n\n\n\n<p>Die von Ihnen im Kontaktformular eingegebenen\nDaten verbleiben bei uns, bis Sie uns zur L\u00f6schung auffordern, Ihre\nEinwilligung zur Speicherung widerrufen oder der Zweck f\u00fcr die Datenspeicherung\nentf\u00e4llt (z.B. nach abgeschlossener Bearbeitung Ihrer Anfrage). Zwingende\ngesetzliche Bestimmungen \u2013 insbesondere Aufbewahrungsfristen \u2013 bleiben\nunber\u00fchrt.<\/p>\n\n\n\n<p>VERARBEITEN VON DATEN (KUNDEN- UND VERTRAGSDATEN)<\/p>\n\n\n\n<p>Wir erheben, verarbeiten und nutzen\npersonenbezogene Daten nur, soweit sie f\u00fcr die Begr\u00fcndung, inhaltliche\nAusgestaltung oder \u00c4nderung des Rechtsverh\u00e4ltnisses erforderlich sind\n(Bestandsdaten). Dies erfolgt auf Grundlage von Art. 6 Abs. 1 lit. b DSGVO, der\ndie Verarbeitung von Daten zur Erf\u00fcllung eines Vertrags oder vorvertraglicher\nMa\u00dfnahmen gestattet. Personenbezogene Daten \u00fcber die Inanspruchnahme unserer Internetseiten\n(Nutzungsdaten) erheben, verarbeiten und nutzen wir nur, soweit dies\nerforderlich ist, um dem Nutzer die Inanspruchnahme des Dienstes zu erm\u00f6glichen\noder abzurechnen.<\/p>\n\n\n\n<p>Die erhobenen Kundendaten werden nach Abschluss\ndes Auftrags oder Beendigung der Gesch\u00e4ftsbeziehung gel\u00f6scht. Gesetzliche\nAufbewahrungsfristen bleiben unber\u00fchrt.<\/p>\n\n\n\n<p>DATEN\u00dcBERMITTLUNG BEI VERTRAGSSCHLUSS F\u00dcR\nONLINE-SHOPS, H\u00c4NDLER UND WARENVERSAND<\/p>\n\n\n\n<p>Wir \u00fcbermitteln personenbezogene Daten an\nDritte nur dann, wenn dies im Rahmen der Vertragsabwicklung notwendig ist, etwa\nan die mit der Lieferung der Ware betrauten Unternehmen oder das mit der\nZahlungsabwicklung beauftragte Kreditinstitut. Eine weitergehende \u00dcbermittlung\nder Daten erfolgt nicht bzw. nur dann, wenn Sie der \u00dcbermittlung ausdr\u00fccklich\nzugestimmt haben. Eine Weitergabe Ihrer Daten an Dritte ohne ausdr\u00fcckliche\nEinwilligung, etwa zu Zwecken der Werbung, erfolgt nicht.<\/p>\n\n\n\n<p>Grundlage f\u00fcr die Datenverarbeitung ist Art. 6\nAbs. 1 lit. b DSGVO, der die Verarbeitung von Daten zur Erf\u00fcllung eines\nVertrags oder vorvertraglicher Ma\u00dfnahmen gestattet.<\/p>\n\n\n\n<p>PLUGINS<\/p>\n\n\n\n<p>GOOGLE WEB FONTS<\/p>\n\n\n\n<p>Diese Seite nutzt zur einheitlichen Darstellung\nvon Schriftarten so genannte Web Fonts, die von Google bereitgestellt werden.\nBeim Aufruf einer Seite l\u00e4dt Ihr Browser die ben\u00f6tigten Web Fonts in ihren\nBrowsercache, um Texte und Schriftarten korrekt anzuzeigen.<\/p>\n\n\n\n<p>Zu diesem Zweck muss der von Ihnen verwendete\nBrowser Verbindung zu den Servern von Google aufnehmen. Hierdurch erlangt\nGoogle Kenntnis dar\u00fcber, dass \u00fcber Ihre IP-Adresse unsere Website aufgerufen\nwurde. Die Nutzung von Google Web Fonts erfolgt im Interesse einer\neinheitlichen und ansprechenden Darstellung unserer Online-Angebote. Dies\nstellt ein berechtigtes Interesse im Sinne von Art. 6 Abs. 1 lit. f DSGVO dar.<\/p>\n\n\n\n<p>Wenn Ihr Browser Web Fonts nicht unterst\u00fctzt,\nwird eine Standardschrift von Ihrem Computer genutzt.<\/p>\n\n\n\n<p>Weitere Informationen zu Google Web Fonts\nfinden Sie unter <a href=\"https:\/\/developers.google.com\/fonts\/faq\">https:\/\/developers.google.com\/fonts\/faq<\/a> und in der Datenschutzerkl\u00e4rung von Google: <a href=\"https:\/\/www.google.com\/policies\/privacy\/\">https:\/\/www.google.com\/policies\/privacy\/<\/a>.<\/p>\n\n\n\n<p>ZAHLUNGSANBIETER<\/p>\n\n\n\n<p>PAYPAL<\/p>\n\n\n\n<p>Auf unserer Website bieten wir u.a. die\nBezahlung via PayPal an. Anbieter dieses Zahlungsdienstes ist die PayPal\n(Europe) S.\u00e0.r.l. et Cie, S.C.A., 22-24 Boulevard Royal, L-2449 Luxembourg (im\nFolgenden \u201cPayPal\u201d).<\/p>\n\n\n\n<p>Wenn Sie die Bezahlung via PayPal ausw\u00e4hlen,\nwerden die von Ihnen eingegebenen Zahlungsdaten an PayPal \u00fcbermittelt.<\/p>\n\n\n\n<p>Die \u00dcbermittlung Ihrer Daten an PayPal erfolgt\nauf Grundlage von Art. 6 Abs. 1 lit. a DSGVO (Einwilligung) und Art. 6 Abs. 1\nlit. b DSGVO (Verarbeitung zur Erf\u00fcllung eines Vertrags). Sie haben die\nM\u00f6glichkeit, Ihre Einwilligung zur Datenverarbeitung jederzeit zu widerrufen.\nEin Widerruf wirkt sich auf die Wirksamkeit von in der Vergangenheit liegenden\nDatenverarbeitungsvorg\u00e4ngen nicht aus.<\/p>\n\n\n\n<p>Info noch zu Lieferung<\/p>\n\n\n\n<p>Bei Lieferungen in das Ausland k\u00f6nnen Z\u00f6lle,\nSteuern und Geb\u00fchren anfallen, die im angezeigten Gesamtpreis nicht enthalten\nsind.<\/p>\n\n\n<p><!--EndFragment--><strong>Aufgrund des Kleinunternehmerstatus gem. \u00a7 19 UStG erheben wir keine Umsatzsteuer und weisen diese daher auch nicht aus.<\/strong><\/p>","protected":false},"excerpt":{"rendered":"<p>ALLGEMEINE HINWEISE UND PFLICHTINFORMATIONEN DATENSCHUTZ Die Betreiber dieser Seiten nehmen den Schutz Ihrer pers\u00f6nlichen Daten sehr ernst. Wir behandeln Ihre personenbezogenen Daten vertraulich und entsprechend der gesetzlichen Datenschutzvorschriften sowie dieser Datenschutzerkl\u00e4rung. Wenn Sie diese Website benutzen, werden verschiedene personenbezogene Daten erhoben. Personenbezogene Daten sind Daten, mit denen Sie pers\u00f6nlich identifiziert [&hellip;]<\/p>\n","protected":false},"author":2,"featured_media":0,"parent":0,"menu_order":0,"comment_status":"closed","ping_status":"open","template":"","meta":{"footnotes":""},"class_list":["post-89","page","type-page","status-publish","hentry"],"jetpack_sharing_enabled":true,"_links":{"self":[{"href":"https:\/\/insel-buch.de\/index.php?rest_route=\/wp\/v2\/pages\/89","targetHints":{"allow":["GET"]}}],"collection":[{"href":"https:\/\/insel-buch.de\/index.php?rest_route=\/wp\/v2\/pages"}],"about":[{"href":"https:\/\/insel-buch.de\/index.php?rest_route=\/wp\/v2\/types\/page"}],"author":[{"embeddable":true,"href":"https:\/\/insel-buch.de\/index.php?rest_route=\/wp\/v2\/users\/2"}],"replies":[{"embeddable":true,"href":"https:\/\/insel-buch.de\/index.php?rest_route=%2Fwp%2Fv2%2Fcomments&post=89"}],"version-history":[{"count":1,"href":"https:\/\/insel-buch.de\/index.php?rest_route=\/wp\/v2\/pages\/89\/revisions"}],"predecessor-version":[{"id":366,"href":"https:\/\/insel-buch.de\/index.php?rest_route=\/wp\/v2\/pages\/89\/revisions\/366"}],"wp:attachment":[{"href":"https:\/\/insel-buch.de\/index.php?rest_route=%2Fwp%2Fv2%2Fmedia&parent=89"}],"curies":[{"name":"wp","href":"https:\/\/api.w.org\/{rel}","templated":true}]}}