{"id":504,"date":"2020-04-26T10:12:38","date_gmt":"2020-04-26T10:12:38","guid":{"rendered":"http:\/\/insel-buch.de\/?page_id=504"},"modified":"2021-03-24T08:11:32","modified_gmt":"2021-03-24T08:11:32","slug":"kuchenfeeling","status":"publish","type":"page","link":"https:\/\/insel-buch.de\/?page_id=504","title":{"rendered":"Kuchenfeeling"},"content":{"rendered":"\n<p class=\"has-text-align-center\">Kuchen und Geb\u00e4ck sind schon was feines. Dazu eine Tasse Tee und die kleine Auszeit kann beginnen. Die Gabel sticht langsam in den Kuchen und f\u00fchrt die s\u00fc\u00dfe Verf\u00fcgung in den Mund. Mmmh und jetzt die Zeit anhalten.                                          Hier ein paar Kreationen von mir. Welcher Kuchen k\u00f6nnte euch verf\u00fchren? Diese Rezepte befinden sich zum Teil in den Back B\u00fcchern oder sind neuere Kreationen. <\/p>\n\n\n\n<figure class=\"wp-block-image size-large\"><img loading=\"lazy\" decoding=\"async\" width=\"1024\" height=\"1024\" src=\"https:\/\/insel-buch.de\/wp-content\/uploads\/1C4D15DE-E538-4E5C-B93B-F3287B169B43-1024x1024.png\" alt=\"\" class=\"wp-image-792\" srcset=\"https:\/\/insel-buch.de\/wp-content\/uploads\/1C4D15DE-E538-4E5C-B93B-F3287B169B43-1024x1024.png 1024w, https:\/\/insel-buch.de\/wp-content\/uploads\/1C4D15DE-E538-4E5C-B93B-F3287B169B43-300x300.png 300w, https:\/\/insel-buch.de\/wp-content\/uploads\/1C4D15DE-E538-4E5C-B93B-F3287B169B43-150x150.png 150w, https:\/\/insel-buch.de\/wp-content\/uploads\/1C4D15DE-E538-4E5C-B93B-F3287B169B43-768x768.png 768w, https:\/\/insel-buch.de\/wp-content\/uploads\/1C4D15DE-E538-4E5C-B93B-F3287B169B43-600x600.png 600w, https:\/\/insel-buch.de\/wp-content\/uploads\/1C4D15DE-E538-4E5C-B93B-F3287B169B43-160x160.png 160w, https:\/\/insel-buch.de\/wp-content\/uploads\/1C4D15DE-E538-4E5C-B93B-F3287B169B43.png 1080w\" sizes=\"auto, (max-width: 1024px) 100vw, 1024px\" \/><figcaption>Gr\u00fcntee-Himbeer-Torte<\/figcaption><\/figure>\n\n\n\n<figure class=\"wp-block-pullquote\" style=\"border-color:#7eba7f\"><blockquote><p><em>Essen ist ein Bed\u00fcrfnis<\/em><\/p><p><em>Genie\u00dfen ist eine Kunst.<\/em><\/p><\/blockquote><\/figure>\n\n\n\n<figure class=\"wp-block-image size-large\"><img loading=\"lazy\" decoding=\"async\" width=\"1024\" height=\"1024\" src=\"https:\/\/insel-buch.de\/wp-content\/uploads\/6356FB93-F90D-4C02-9FA8-C1D55D592993-1024x1024.png\" alt=\"\" class=\"wp-image-797\" srcset=\"https:\/\/insel-buch.de\/wp-content\/uploads\/6356FB93-F90D-4C02-9FA8-C1D55D592993-1024x1024.png 1024w, https:\/\/insel-buch.de\/wp-content\/uploads\/6356FB93-F90D-4C02-9FA8-C1D55D592993-300x300.png 300w, https:\/\/insel-buch.de\/wp-content\/uploads\/6356FB93-F90D-4C02-9FA8-C1D55D592993-150x150.png 150w, https:\/\/insel-buch.de\/wp-content\/uploads\/6356FB93-F90D-4C02-9FA8-C1D55D592993-768x768.png 768w, https:\/\/insel-buch.de\/wp-content\/uploads\/6356FB93-F90D-4C02-9FA8-C1D55D592993-600x600.png 600w, https:\/\/insel-buch.de\/wp-content\/uploads\/6356FB93-F90D-4C02-9FA8-C1D55D592993-160x160.png 160w, https:\/\/insel-buch.de\/wp-content\/uploads\/6356FB93-F90D-4C02-9FA8-C1D55D592993.png 1080w\" sizes=\"auto, (max-width: 1024px) 100vw, 1024px\" \/><figcaption>Feige-Walnuss-Amaretto-Kuchen<\/figcaption><\/figure>\n\n\n\n<figure class=\"wp-block-image size-large\"><img loading=\"lazy\" decoding=\"async\" width=\"1024\" height=\"1024\" src=\"https:\/\/insel-buch.de\/wp-content\/uploads\/5E02981D-93FC-42D1-AF45-A241C10451A8-1024x1024.png\" alt=\"\" class=\"wp-image-794\" srcset=\"https:\/\/insel-buch.de\/wp-content\/uploads\/5E02981D-93FC-42D1-AF45-A241C10451A8-1024x1024.png 1024w, https:\/\/insel-buch.de\/wp-content\/uploads\/5E02981D-93FC-42D1-AF45-A241C10451A8-300x300.png 300w, https:\/\/insel-buch.de\/wp-content\/uploads\/5E02981D-93FC-42D1-AF45-A241C10451A8-150x150.png 150w, https:\/\/insel-buch.de\/wp-content\/uploads\/5E02981D-93FC-42D1-AF45-A241C10451A8-768x768.png 768w, https:\/\/insel-buch.de\/wp-content\/uploads\/5E02981D-93FC-42D1-AF45-A241C10451A8-600x600.png 600w, https:\/\/insel-buch.de\/wp-content\/uploads\/5E02981D-93FC-42D1-AF45-A241C10451A8-160x160.png 160w, https:\/\/insel-buch.de\/wp-content\/uploads\/5E02981D-93FC-42D1-AF45-A241C10451A8.png 1080w\" sizes=\"auto, (max-width: 1024px) 100vw, 1024px\" \/><figcaption>Espresso-Baiser-Kuchen<\/figcaption><\/figure>\n\n\n\n<figure class=\"wp-block-image size-large\"><img loading=\"lazy\" decoding=\"async\" width=\"1024\" height=\"1024\" src=\"https:\/\/insel-buch.de\/wp-content\/uploads\/14924B53-5E98-4E95-A39A-BD8E71BED3D8-1024x1024.jpg\" alt=\"\" class=\"wp-image-796\" srcset=\"https:\/\/insel-buch.de\/wp-content\/uploads\/14924B53-5E98-4E95-A39A-BD8E71BED3D8-1024x1024.jpg 1024w, https:\/\/insel-buch.de\/wp-content\/uploads\/14924B53-5E98-4E95-A39A-BD8E71BED3D8-300x300.jpg 300w, https:\/\/insel-buch.de\/wp-content\/uploads\/14924B53-5E98-4E95-A39A-BD8E71BED3D8-150x150.jpg 150w, https:\/\/insel-buch.de\/wp-content\/uploads\/14924B53-5E98-4E95-A39A-BD8E71BED3D8-768x768.jpg 768w, https:\/\/insel-buch.de\/wp-content\/uploads\/14924B53-5E98-4E95-A39A-BD8E71BED3D8-600x600.jpg 600w, https:\/\/insel-buch.de\/wp-content\/uploads\/14924B53-5E98-4E95-A39A-BD8E71BED3D8-160x160.jpg 160w, https:\/\/insel-buch.de\/wp-content\/uploads\/14924B53-5E98-4E95-A39A-BD8E71BED3D8.jpg 1080w\" sizes=\"auto, (max-width: 1024px) 100vw, 1024px\" \/><figcaption>Birne-Kokos-Kuchen<\/figcaption><\/figure>\n\n\n\n<figure class=\"wp-block-pullquote\" style=\"border-color:#7eba7f\"><blockquote><p><em>B\u00fccher sind wie Kekse einmal angefangen,<\/em><\/p><p><em>kann man nicht mehr aufh\u00f6ren<\/em><\/p><p><em>sie zu verschlingen. <\/em><\/p><\/blockquote><\/figure>\n\n\n\n<figure class=\"wp-block-image size-large\"><img loading=\"lazy\" decoding=\"async\" width=\"1024\" height=\"1024\" src=\"https:\/\/insel-buch.de\/wp-content\/uploads\/5EF18D68-075C-438D-A7BB-76BDF203FA3C-1024x1024.png\" alt=\"\" class=\"wp-image-795\" srcset=\"https:\/\/insel-buch.de\/wp-content\/uploads\/5EF18D68-075C-438D-A7BB-76BDF203FA3C-1024x1024.png 1024w, https:\/\/insel-buch.de\/wp-content\/uploads\/5EF18D68-075C-438D-A7BB-76BDF203FA3C-300x300.png 300w, https:\/\/insel-buch.de\/wp-content\/uploads\/5EF18D68-075C-438D-A7BB-76BDF203FA3C-150x150.png 150w, https:\/\/insel-buch.de\/wp-content\/uploads\/5EF18D68-075C-438D-A7BB-76BDF203FA3C-768x768.png 768w, https:\/\/insel-buch.de\/wp-content\/uploads\/5EF18D68-075C-438D-A7BB-76BDF203FA3C-600x600.png 600w, https:\/\/insel-buch.de\/wp-content\/uploads\/5EF18D68-075C-438D-A7BB-76BDF203FA3C-160x160.png 160w, https:\/\/insel-buch.de\/wp-content\/uploads\/5EF18D68-075C-438D-A7BB-76BDF203FA3C.png 1080w\" sizes=\"auto, (max-width: 1024px) 100vw, 1024px\" \/><figcaption>Whiskey-Brownie<\/figcaption><\/figure>\n\n\n\n<figure class=\"wp-block-image size-large is-resized\"><img loading=\"lazy\" decoding=\"async\" src=\"https:\/\/insel-buch.de\/wp-content\/uploads\/E1ECDD27-3F89-49C8-80BB-9E91CF1ACEB6-1024x1024.jpg\" alt=\"\" class=\"wp-image-798\" width=\"840\" height=\"840\" srcset=\"https:\/\/insel-buch.de\/wp-content\/uploads\/E1ECDD27-3F89-49C8-80BB-9E91CF1ACEB6-1024x1024.jpg 1024w, https:\/\/insel-buch.de\/wp-content\/uploads\/E1ECDD27-3F89-49C8-80BB-9E91CF1ACEB6-300x300.jpg 300w, https:\/\/insel-buch.de\/wp-content\/uploads\/E1ECDD27-3F89-49C8-80BB-9E91CF1ACEB6-150x150.jpg 150w, https:\/\/insel-buch.de\/wp-content\/uploads\/E1ECDD27-3F89-49C8-80BB-9E91CF1ACEB6-768x768.jpg 768w, https:\/\/insel-buch.de\/wp-content\/uploads\/E1ECDD27-3F89-49C8-80BB-9E91CF1ACEB6-600x600.jpg 600w, https:\/\/insel-buch.de\/wp-content\/uploads\/E1ECDD27-3F89-49C8-80BB-9E91CF1ACEB6-160x160.jpg 160w, https:\/\/insel-buch.de\/wp-content\/uploads\/E1ECDD27-3F89-49C8-80BB-9E91CF1ACEB6.jpg 1080w\" sizes=\"auto, (max-width: 840px) 100vw, 840px\" \/><figcaption>Rotwein-Walnuss-Kuchen <em>Vegan<\/em><\/figcaption><\/figure>\n\n\n\n<figure class=\"wp-block-image size-large\"><img loading=\"lazy\" decoding=\"async\" width=\"1024\" height=\"1024\" src=\"https:\/\/insel-buch.de\/wp-content\/uploads\/FE9D0A3A-B1E0-45F8-860B-9A5E08435B69-1024x1024.png\" alt=\"\" class=\"wp-image-799\" srcset=\"https:\/\/insel-buch.de\/wp-content\/uploads\/FE9D0A3A-B1E0-45F8-860B-9A5E08435B69-1024x1024.png 1024w, https:\/\/insel-buch.de\/wp-content\/uploads\/FE9D0A3A-B1E0-45F8-860B-9A5E08435B69-300x300.png 300w, https:\/\/insel-buch.de\/wp-content\/uploads\/FE9D0A3A-B1E0-45F8-860B-9A5E08435B69-150x150.png 150w, https:\/\/insel-buch.de\/wp-content\/uploads\/FE9D0A3A-B1E0-45F8-860B-9A5E08435B69-768x768.png 768w, https:\/\/insel-buch.de\/wp-content\/uploads\/FE9D0A3A-B1E0-45F8-860B-9A5E08435B69-600x600.png 600w, https:\/\/insel-buch.de\/wp-content\/uploads\/FE9D0A3A-B1E0-45F8-860B-9A5E08435B69-160x160.png 160w, https:\/\/insel-buch.de\/wp-content\/uploads\/FE9D0A3A-B1E0-45F8-860B-9A5E08435B69.png 1080w\" sizes=\"auto, (max-width: 1024px) 100vw, 1024px\" \/><figcaption>Buttermilch-Kokos-Kuchen<\/figcaption><\/figure>\n\n\n\n<figure class=\"wp-block-image size-large\"><img loading=\"lazy\" decoding=\"async\" width=\"1024\" height=\"1024\" src=\"https:\/\/insel-buch.de\/wp-content\/uploads\/ED3EA3E0-CDCC-4C91-A56F-323C73669FD8-1024x1024.png\" alt=\"\" class=\"wp-image-800\" srcset=\"https:\/\/insel-buch.de\/wp-content\/uploads\/ED3EA3E0-CDCC-4C91-A56F-323C73669FD8-1024x1024.png 1024w, https:\/\/insel-buch.de\/wp-content\/uploads\/ED3EA3E0-CDCC-4C91-A56F-323C73669FD8-300x300.png 300w, https:\/\/insel-buch.de\/wp-content\/uploads\/ED3EA3E0-CDCC-4C91-A56F-323C73669FD8-150x150.png 150w, https:\/\/insel-buch.de\/wp-content\/uploads\/ED3EA3E0-CDCC-4C91-A56F-323C73669FD8-768x768.png 768w, https:\/\/insel-buch.de\/wp-content\/uploads\/ED3EA3E0-CDCC-4C91-A56F-323C73669FD8-600x600.png 600w, https:\/\/insel-buch.de\/wp-content\/uploads\/ED3EA3E0-CDCC-4C91-A56F-323C73669FD8-160x160.png 160w, https:\/\/insel-buch.de\/wp-content\/uploads\/ED3EA3E0-CDCC-4C91-A56F-323C73669FD8.png 1080w\" sizes=\"auto, (max-width: 1024px) 100vw, 1024px\" \/><figcaption>Mandel-Torte<\/figcaption><\/figure>\n\n\n\n<figure class=\"wp-block-pullquote\" style=\"border-color:#7eba7f\"><blockquote><p><em>Oma sagte immer:  &#8222;Du darfst alles essen, aber nicht alles wissen.&#8220;<\/em><\/p><p><em>Jetzt bin ich dick und wei\u00df nicht warum. <\/em><\/p><\/blockquote><\/figure>\n\n\n\n<figure class=\"wp-block-image size-large\"><img loading=\"lazy\" decoding=\"async\" width=\"1024\" height=\"1024\" src=\"https:\/\/insel-buch.de\/wp-content\/uploads\/image00008-1024x1024.png\" alt=\"\" class=\"wp-image-652\" srcset=\"https:\/\/insel-buch.de\/wp-content\/uploads\/image00008-1024x1024.png 1024w, https:\/\/insel-buch.de\/wp-content\/uploads\/image00008-300x300.png 300w, https:\/\/insel-buch.de\/wp-content\/uploads\/image00008-150x150.png 150w, https:\/\/insel-buch.de\/wp-content\/uploads\/image00008-768x768.png 768w, https:\/\/insel-buch.de\/wp-content\/uploads\/image00008-600x600.png 600w, https:\/\/insel-buch.de\/wp-content\/uploads\/image00008-160x160.png 160w, https:\/\/insel-buch.de\/wp-content\/uploads\/image00008.png 1080w\" sizes=\"auto, (max-width: 1024px) 100vw, 1024px\" \/><figcaption>Eierlik\u00f6r Kuchen mit Kirschen und Haselnuss Boden<\/figcaption><\/figure>\n\n\n\n<figure class=\"wp-block-image size-large\"><img loading=\"lazy\" decoding=\"async\" width=\"1024\" height=\"1024\" src=\"https:\/\/insel-buch.de\/wp-content\/uploads\/A7708787-512F-435E-8F92-0908796E021F-1024x1024.png\" alt=\"\" class=\"wp-image-801\" srcset=\"https:\/\/insel-buch.de\/wp-content\/uploads\/A7708787-512F-435E-8F92-0908796E021F-1024x1024.png 1024w, https:\/\/insel-buch.de\/wp-content\/uploads\/A7708787-512F-435E-8F92-0908796E021F-300x300.png 300w, https:\/\/insel-buch.de\/wp-content\/uploads\/A7708787-512F-435E-8F92-0908796E021F-150x150.png 150w, https:\/\/insel-buch.de\/wp-content\/uploads\/A7708787-512F-435E-8F92-0908796E021F-768x768.png 768w, https:\/\/insel-buch.de\/wp-content\/uploads\/A7708787-512F-435E-8F92-0908796E021F-600x600.png 600w, https:\/\/insel-buch.de\/wp-content\/uploads\/A7708787-512F-435E-8F92-0908796E021F-160x160.png 160w, https:\/\/insel-buch.de\/wp-content\/uploads\/A7708787-512F-435E-8F92-0908796E021F.png 1080w\" sizes=\"auto, (max-width: 1024px) 100vw, 1024px\" \/><figcaption>Apfel-Pudding-Kuchen <em>glutenfrei<\/em><\/figcaption><\/figure>\n\n\n\n<figure class=\"wp-block-pullquote\" style=\"border-color:#7eba7f\"><blockquote><p><em>Gilt Kuchenteig direkt aus der R\u00fchrsch\u00fcssel eigentlich als Rohkost?<\/em><\/p><\/blockquote><\/figure>\n\n\n\n<figure class=\"wp-block-image size-large\"><img loading=\"lazy\" decoding=\"async\" width=\"1024\" height=\"1024\" src=\"https:\/\/insel-buch.de\/wp-content\/uploads\/image00007-1024x1024.jpeg\" alt=\"\" class=\"wp-image-651\" srcset=\"https:\/\/insel-buch.de\/wp-content\/uploads\/image00007-1024x1024.jpeg 1024w, https:\/\/insel-buch.de\/wp-content\/uploads\/image00007-300x300.jpeg 300w, https:\/\/insel-buch.de\/wp-content\/uploads\/image00007-150x150.jpeg 150w, https:\/\/insel-buch.de\/wp-content\/uploads\/image00007-768x768.jpeg 768w, https:\/\/insel-buch.de\/wp-content\/uploads\/image00007-600x600.jpeg 600w, https:\/\/insel-buch.de\/wp-content\/uploads\/image00007-160x160.jpeg 160w, https:\/\/insel-buch.de\/wp-content\/uploads\/image00007.jpeg 1080w\" sizes=\"auto, (max-width: 1024px) 100vw, 1024px\" \/><figcaption>K\u00e4sekuchen mit Mohn<\/figcaption><\/figure>\n\n\n\n<figure class=\"wp-block-image size-large\"><img loading=\"lazy\" decoding=\"async\" width=\"1024\" height=\"1024\" src=\"https:\/\/insel-buch.de\/wp-content\/uploads\/image00005-1024x1024.jpeg\" alt=\"\" class=\"wp-image-650\" srcset=\"https:\/\/insel-buch.de\/wp-content\/uploads\/image00005-1024x1024.jpeg 1024w, https:\/\/insel-buch.de\/wp-content\/uploads\/image00005-300x300.jpeg 300w, https:\/\/insel-buch.de\/wp-content\/uploads\/image00005-150x150.jpeg 150w, https:\/\/insel-buch.de\/wp-content\/uploads\/image00005-768x768.jpeg 768w, https:\/\/insel-buch.de\/wp-content\/uploads\/image00005-600x600.jpeg 600w, https:\/\/insel-buch.de\/wp-content\/uploads\/image00005-160x160.jpeg 160w, https:\/\/insel-buch.de\/wp-content\/uploads\/image00005.jpeg 1080w\" sizes=\"auto, (max-width: 1024px) 100vw, 1024px\" \/><figcaption>Heidelbeerkuchen mit wei\u00dfer Schokolade<\/figcaption><\/figure>\n\n\n\n<figure class=\"wp-block-pullquote\" style=\"border-color:#7eba7f\"><blockquote><p><em>Wenn man nachts nichts essen soll, <\/em><\/p><p><em>warum gibt es dann Licht im K\u00fchlschrank?<\/em><\/p><\/blockquote><\/figure>\n\n\n\n<figure class=\"wp-block-image size-large\"><img loading=\"lazy\" decoding=\"async\" width=\"1024\" height=\"1024\" src=\"https:\/\/insel-buch.de\/wp-content\/uploads\/image00002-1024x1024.jpeg\" alt=\"\" class=\"wp-image-648\" srcset=\"https:\/\/insel-buch.de\/wp-content\/uploads\/image00002-1024x1024.jpeg 1024w, https:\/\/insel-buch.de\/wp-content\/uploads\/image00002-300x300.jpeg 300w, https:\/\/insel-buch.de\/wp-content\/uploads\/image00002-150x150.jpeg 150w, https:\/\/insel-buch.de\/wp-content\/uploads\/image00002-768x768.jpeg 768w, https:\/\/insel-buch.de\/wp-content\/uploads\/image00002-600x600.jpeg 600w, https:\/\/insel-buch.de\/wp-content\/uploads\/image00002-160x160.jpeg 160w, https:\/\/insel-buch.de\/wp-content\/uploads\/image00002.jpeg 1080w\" sizes=\"auto, (max-width: 1024px) 100vw, 1024px\" \/><figcaption>Orangen  Kuchen<\/figcaption><\/figure>\n\n\n\n<figure class=\"wp-block-pullquote is-style-default\" style=\"border-color:#7eba7f\"><blockquote><p><em>Gutes Essen l\u00e4sst Sorgen vergessen<\/em><\/p><\/blockquote><\/figure>\n\n\n\n<figure class=\"wp-block-image size-large\"><img loading=\"lazy\" decoding=\"async\" width=\"629\" height=\"472\" src=\"https:\/\/insel-buch.de\/wp-content\/uploads\/CBFBBD51-A044-4D1C-A2BB-ED7FC10714E9.jpeg\" alt=\"\" class=\"wp-image-615\" srcset=\"https:\/\/insel-buch.de\/wp-content\/uploads\/CBFBBD51-A044-4D1C-A2BB-ED7FC10714E9.jpeg 629w, https:\/\/insel-buch.de\/wp-content\/uploads\/CBFBBD51-A044-4D1C-A2BB-ED7FC10714E9-300x225.jpeg 300w, https:\/\/insel-buch.de\/wp-content\/uploads\/CBFBBD51-A044-4D1C-A2BB-ED7FC10714E9-600x450.jpeg 600w\" sizes=\"auto, (max-width: 629px) 100vw, 629px\" \/><figcaption>Apfelkuchen mit Kirschen<\/figcaption><\/figure>\n\n\n\n<figure class=\"wp-block-image size-large\"><img loading=\"lazy\" decoding=\"async\" width=\"629\" height=\"444\" src=\"https:\/\/insel-buch.de\/wp-content\/uploads\/A968239C-405D-4503-8D49-ED3F3F854726.jpeg\" alt=\"\" class=\"wp-image-614\" srcset=\"https:\/\/insel-buch.de\/wp-content\/uploads\/A968239C-405D-4503-8D49-ED3F3F854726.jpeg 629w, https:\/\/insel-buch.de\/wp-content\/uploads\/A968239C-405D-4503-8D49-ED3F3F854726-300x212.jpeg 300w, https:\/\/insel-buch.de\/wp-content\/uploads\/A968239C-405D-4503-8D49-ED3F3F854726-600x424.jpeg 600w\" sizes=\"auto, (max-width: 629px) 100vw, 629px\" \/><figcaption>Kirsch Tarte mit Baiser<\/figcaption><\/figure>\n\n\n\n<figure class=\"wp-block-image size-large\"><img loading=\"lazy\" decoding=\"async\" width=\"629\" height=\"616\" src=\"https:\/\/insel-buch.de\/wp-content\/uploads\/6D38B592-6C73-4F4D-96B9-6007CC06CF5B.jpeg\" alt=\"\" class=\"wp-image-613\" srcset=\"https:\/\/insel-buch.de\/wp-content\/uploads\/6D38B592-6C73-4F4D-96B9-6007CC06CF5B.jpeg 629w, https:\/\/insel-buch.de\/wp-content\/uploads\/6D38B592-6C73-4F4D-96B9-6007CC06CF5B-300x294.jpeg 300w, https:\/\/insel-buch.de\/wp-content\/uploads\/6D38B592-6C73-4F4D-96B9-6007CC06CF5B-600x588.jpeg 600w\" sizes=\"auto, (max-width: 629px) 100vw, 629px\" \/><figcaption>Heidelbeere Baiser<\/figcaption><\/figure>\n\n\n\n<figure class=\"wp-block-pullquote\" style=\"border-color:#7eba7f\"><blockquote><p><em>Egal wie viele Kekse du isst, <\/em><\/p><p><em>Schuhe passen immer.<\/em><\/p><\/blockquote><\/figure>\n\n\n\n<figure class=\"wp-block-image size-large\"><img loading=\"lazy\" decoding=\"async\" width=\"629\" height=\"472\" src=\"https:\/\/insel-buch.de\/wp-content\/uploads\/CADCA07F-9160-4A9E-8FF6-BD87E535AA33.jpeg\" alt=\"\" class=\"wp-image-612\" srcset=\"https:\/\/insel-buch.de\/wp-content\/uploads\/CADCA07F-9160-4A9E-8FF6-BD87E535AA33.jpeg 629w, https:\/\/insel-buch.de\/wp-content\/uploads\/CADCA07F-9160-4A9E-8FF6-BD87E535AA33-300x225.jpeg 300w, https:\/\/insel-buch.de\/wp-content\/uploads\/CADCA07F-9160-4A9E-8FF6-BD87E535AA33-600x450.jpeg 600w\" sizes=\"auto, (max-width: 629px) 100vw, 629px\" \/><figcaption>Nussecken<\/figcaption><\/figure>\n\n\n\n<figure class=\"wp-block-image size-large\"><img loading=\"lazy\" decoding=\"async\" width=\"768\" height=\"1024\" src=\"https:\/\/insel-buch.de\/wp-content\/uploads\/BD42DBC0-3345-4464-9D8B-182AA3035B83-768x1024.jpg\" alt=\"\" class=\"wp-image-507\" srcset=\"https:\/\/insel-buch.de\/wp-content\/uploads\/BD42DBC0-3345-4464-9D8B-182AA3035B83-768x1024.jpg 768w, https:\/\/insel-buch.de\/wp-content\/uploads\/BD42DBC0-3345-4464-9D8B-182AA3035B83-225x300.jpg 225w, https:\/\/insel-buch.de\/wp-content\/uploads\/BD42DBC0-3345-4464-9D8B-182AA3035B83-1152x1536.jpg 1152w, https:\/\/insel-buch.de\/wp-content\/uploads\/BD42DBC0-3345-4464-9D8B-182AA3035B83-1536x2048.jpg 1536w, https:\/\/insel-buch.de\/wp-content\/uploads\/BD42DBC0-3345-4464-9D8B-182AA3035B83-600x800.jpg 600w, https:\/\/insel-buch.de\/wp-content\/uploads\/BD42DBC0-3345-4464-9D8B-182AA3035B83-scaled.jpg 1920w\" sizes=\"auto, (max-width: 768px) 100vw, 768px\" \/><figcaption>Marmorkuchen mal anders<\/figcaption><\/figure>\n\n\n\n<figure class=\"wp-block-pullquote\" style=\"border-color:#7eba7f\"><blockquote><p><em>Hast du den Kuchen gesehen?<\/em><\/p><p><em>Ja, kurz!<\/em><\/p><\/blockquote><\/figure>\n\n\n\n<figure class=\"wp-block-image size-large\"><img loading=\"lazy\" decoding=\"async\" width=\"768\" height=\"1024\" src=\"https:\/\/insel-buch.de\/wp-content\/uploads\/27FAFC99-DF4E-4A3D-97D8-AD796C35BAD9-768x1024.jpg\" alt=\"\" class=\"wp-image-508\" srcset=\"https:\/\/insel-buch.de\/wp-content\/uploads\/27FAFC99-DF4E-4A3D-97D8-AD796C35BAD9-768x1024.jpg 768w, https:\/\/insel-buch.de\/wp-content\/uploads\/27FAFC99-DF4E-4A3D-97D8-AD796C35BAD9-225x300.jpg 225w, https:\/\/insel-buch.de\/wp-content\/uploads\/27FAFC99-DF4E-4A3D-97D8-AD796C35BAD9-1152x1536.jpg 1152w, https:\/\/insel-buch.de\/wp-content\/uploads\/27FAFC99-DF4E-4A3D-97D8-AD796C35BAD9-1536x2048.jpg 1536w, https:\/\/insel-buch.de\/wp-content\/uploads\/27FAFC99-DF4E-4A3D-97D8-AD796C35BAD9-600x800.jpg 600w, https:\/\/insel-buch.de\/wp-content\/uploads\/27FAFC99-DF4E-4A3D-97D8-AD796C35BAD9-scaled.jpg 1920w\" sizes=\"auto, (max-width: 768px) 100vw, 768px\" \/><figcaption>Apfel-Streusel-Kuchen mit Dinkelmehl.<\/figcaption><\/figure>\n\n\n\n<figure class=\"wp-block-image size-large\"><img loading=\"lazy\" decoding=\"async\" width=\"768\" height=\"1024\" src=\"https:\/\/insel-buch.de\/wp-content\/uploads\/644C4ABA-741F-42E1-A44E-A6A619FD18C4-768x1024.jpg\" alt=\"\" class=\"wp-image-509\" srcset=\"https:\/\/insel-buch.de\/wp-content\/uploads\/644C4ABA-741F-42E1-A44E-A6A619FD18C4-768x1024.jpg 768w, https:\/\/insel-buch.de\/wp-content\/uploads\/644C4ABA-741F-42E1-A44E-A6A619FD18C4-225x300.jpg 225w, https:\/\/insel-buch.de\/wp-content\/uploads\/644C4ABA-741F-42E1-A44E-A6A619FD18C4-1152x1536.jpg 1152w, https:\/\/insel-buch.de\/wp-content\/uploads\/644C4ABA-741F-42E1-A44E-A6A619FD18C4-1536x2048.jpg 1536w, https:\/\/insel-buch.de\/wp-content\/uploads\/644C4ABA-741F-42E1-A44E-A6A619FD18C4-600x800.jpg 600w, https:\/\/insel-buch.de\/wp-content\/uploads\/644C4ABA-741F-42E1-A44E-A6A619FD18C4-scaled.jpg 1920w\" sizes=\"auto, (max-width: 768px) 100vw, 768px\" \/><figcaption>Gin-Apfel-Kuchen mit Quark<\/figcaption><\/figure>\n\n\n\n<figure class=\"wp-block-pullquote\" style=\"border-color:#7eba7f\"><blockquote><p><em>Gutes Essen ist wie Musik.<\/em><\/p><p><em>Auf den Geschmack kommt es an. <\/em><\/p><\/blockquote><\/figure>\n\n\n\n<figure class=\"wp-block-image size-large\"><img loading=\"lazy\" decoding=\"async\" width=\"1024\" height=\"768\" src=\"https:\/\/insel-buch.de\/wp-content\/uploads\/IMG_4101-1024x768.jpg\" alt=\"\" class=\"wp-image-510\" srcset=\"https:\/\/insel-buch.de\/wp-content\/uploads\/IMG_4101-1024x768.jpg 1024w, https:\/\/insel-buch.de\/wp-content\/uploads\/IMG_4101-300x225.jpg 300w, https:\/\/insel-buch.de\/wp-content\/uploads\/IMG_4101-768x576.jpg 768w, https:\/\/insel-buch.de\/wp-content\/uploads\/IMG_4101-1536x1152.jpg 1536w, https:\/\/insel-buch.de\/wp-content\/uploads\/IMG_4101-2048x1536.jpg 2048w, https:\/\/insel-buch.de\/wp-content\/uploads\/IMG_4101-600x450.jpg 600w\" sizes=\"auto, (max-width: 1024px) 100vw, 1024px\" \/><figcaption>Der Klassiker Rumkugel. <\/figcaption><\/figure>\n\n\n","protected":false},"excerpt":{"rendered":"<p>Kuchen und Geb\u00e4ck sind schon was feines. Dazu eine Tasse Tee und die kleine Auszeit kann beginnen. Die Gabel sticht langsam in den Kuchen und f\u00fchrt die s\u00fc\u00dfe Verf\u00fcgung in den Mund. Mmmh und jetzt die Zeit anhalten. Hier ein paar Kreationen von mir. Welcher Kuchen k\u00f6nnte euch verf\u00fchren? Diese [&hellip;]<\/p>\n","protected":false},"author":1,"featured_media":0,"parent":0,"menu_order":0,"comment_status":"closed","ping_status":"closed","template":"","meta":{"footnotes":""},"class_list":["post-504","page","type-page","status-publish","hentry"],"jetpack_sharing_enabled":true,"_links":{"self":[{"href":"https:\/\/insel-buch.de\/index.php?rest_route=\/wp\/v2\/pages\/504","targetHints":{"allow":["GET"]}}],"collection":[{"href":"https:\/\/insel-buch.de\/index.php?rest_route=\/wp\/v2\/pages"}],"about":[{"href":"https:\/\/insel-buch.de\/index.php?rest_route=\/wp\/v2\/types\/page"}],"author":[{"embeddable":true,"href":"https:\/\/insel-buch.de\/index.php?rest_route=\/wp\/v2\/users\/1"}],"replies":[{"embeddable":true,"href":"https:\/\/insel-buch.de\/index.php?rest_route=%2Fwp%2Fv2%2Fcomments&post=504"}],"version-history":[{"count":14,"href":"https:\/\/insel-buch.de\/index.php?rest_route=\/wp\/v2\/pages\/504\/revisions"}],"predecessor-version":[{"id":802,"href":"https:\/\/insel-buch.de\/index.php?rest_route=\/wp\/v2\/pages\/504\/revisions\/802"}],"wp:attachment":[{"href":"https:\/\/insel-buch.de\/index.php?rest_route=%2Fwp%2Fv2%2Fmedia&parent=504"}],"curies":[{"name":"wp","href":"https:\/\/api.w.org\/{rel}","templated":true}]}}