{"id":350,"date":"2019-10-12T11:58:46","date_gmt":"2019-10-12T11:58:46","guid":{"rendered":"http:\/\/insel-buch.de\/?page_id=350"},"modified":"2019-12-19T18:51:31","modified_gmt":"2019-12-19T18:51:31","slug":"agb","status":"publish","type":"page","link":"https:\/\/insel-buch.de\/?page_id=350","title":{"rendered":"AGB"},"content":{"rendered":"\n<p><strong>1. Geltungsbereich<\/strong><\/p>\n\n\n\n<p>F\u00fcr alle Bestellungen \u00fcber unseren Online-Shop\ngelten die nachfolgenden AGB.<\/p>\n\n\n\n<p><strong>2. Vertragspartner, Vertragsschluss<\/strong><\/p>\n\n\n\n<p>Der Kaufvertrag kommt zustande mit Frauke Rose, Carl-Stegmann-Str. 6a, 26571 Juist.<\/p>\n\n\n\n<p>Mit Einstellung der Produkte in den Online-Shop\ngeben wir ein verbindliches Angebot zum Vertragsschluss \u00fcber diese Artikel ab.\nSie k\u00f6nnen unsere Produkte zun\u00e4chst unverbindlich in den Warenkorb legen und\nIhre Eingaben vor Absenden Ihrer verbindlichen Bestellung jederzeit korrigieren,\nindem Sie die hierf\u00fcr im Bestellablauf vorgesehenen und erl\u00e4uterten\nKorrekturhilfen nutzen. Der Vertrag kommt zustande, indem Sie durch Anklicken\ndes Bestellbuttons das Angebot \u00fcber die im Warenkorb enthaltenen Waren\nannehmen. Unmittelbar nach dem Absenden der Bestellung erhalten Sie noch einmal\neine Best\u00e4tigung per E-Mail.<\/p>\n\n\n\n<p><strong>3. Lieferbedingungen<\/strong><\/p>\n\n\n\n<p>Zuz\u00fcglich zu den angegebenen Produktpreisen kommen noch Versandkosten von 2,65 \u20ac hinzu. <\/p>\n\n\n\n<p>Die Lieferung durch uns erfolgt unter dem Vorbehalt, dass wir selbst richtig und rechtzeitig beliefert werden und die fehlende Verf\u00fcgbarkeit der Ware nicht zu vertreten haben. F\u00fcr den Fall, dass die Ware f\u00fcr einen erheblichen Zeitraum nicht verf\u00fcgbar ist oder Datenbankfehler vorliegen, k\u00f6nnen wir die Bestellung nicht ausf\u00fchren und behalten uns den R\u00fccktritt vor. Hier\u00fcber werden wir den Kunden umgehend informieren. <\/p>\n\n\n\n<p><strong>4. Preis<\/strong><\/p>\n\n\n\n<p>Im Falle eventueller\nPreisirrt\u00fcmer oder Druckfehler behalten wir uns vor, den Vertrag anzufechten.<\/p>\n\n\n\n<p><strong>5.<\/strong><strong> Lieferung,\nVersandkosten<\/strong><\/p>\n\n\n\n<p>Die\nLieferzeit richtet sich nach den Angaben auf der Auftragsbest\u00e4tigung bzw. den\nsonstigen Angaben auf der Internet-Homepage. Zu ber\u00fccksichtigen sind die\nspeziellen Postabgangszeiten der Insel Juist.<\/p>\n\n\n\n<p>Die\nLieferungen erfolgen auf Kosten und Gefahr des Empf\u00e4ngers.<\/p>\n\n\n\n<p>Die Versandkosten betragen pro Buch 2,65 \u20ac.\u00a0 Das Buch als Geschenk verpackt mit Geburtstagkarte kostet Zus\u00e4tzlich zum Buch 1,50 \u20ac extra. <\/p>\n\n\n\n<p><strong>6. Bezahlung<\/strong><\/p>\n\n\n\n<p>In unserem Shop stehen Ihnen grunds\u00e4tzlich die\nfolgenden Zahlungsarten zur Verf\u00fcgung:<\/p>\n\n\n\n<p><strong>Vorkasse<\/strong><\/p>\n\n\n\n<p>Bei Auswahl der Zahlungsart Vorkasse nennen wir\nIhnen unsere Bankverbindung in separater E-Mail und liefern die Ware nach\nZahlungseingang.<\/p>\n\n\n\n<p><strong>PayPal<\/strong><\/p>\n\n\n\n<p>Im Bestellprozess werden Sie auf die Webseite\ndes Online-Anbieters PayPal weitergeleitet. Um den Rechnungsbetrag \u00fcber PayPal\nbezahlen zu k\u00f6nnen, m\u00fcssen Sie dort registriert sein bzw. sich erst\nregistrieren, mit Ihren Zugangsdaten legitimieren und die Zahlungsanweisung an\nuns best\u00e4tigen. Nach Abgabe der Bestellung im Shop fordern wir PayPal zur\nEinleitung der Zahlungstransaktion auf. Die Zahlungstransaktion wird durch\nPayPal unmittelbar danach automatisch durchgef\u00fchrt. Weitere Hinweise erhalten\nSie beim Bestellvorgang.<\/p>\n\n\n\n<p><strong>7. R\u00fcckgaberecht<\/strong><\/p>\n\n\n\n<p>Der Kunde hat das Recht, die Ware innerhalb von 14 Tagen nach Erhalt zur\u00fcckzugeben. Ma\u00dfgeblich f\u00fcr die Rechnung der R\u00fcckgabefrist ist das Datum des Eingangsnachweises des Versandunternehmens, beispielsweise der Poststempel. Zur Wahrung der R\u00fcckgabefrist gen\u00fcgt die rechtzeitige Absendung der Ware.<\/p>\n\n\n\n<p>Die\nKosten der R\u00fccksendung tr\u00e4gt der Kunde.<\/p>\n\n\n\n<p>Die Waren m\u00fcssen in unbenutztem Zustand sein. R\u00fccksendungen, die unvollst\u00e4ndig oder besch\u00e4digt sind, werden nicht entgegengenommen bzw. auf Kosten des Kunden zur\u00fcckgesandt.<\/p>\n","protected":false},"excerpt":{"rendered":"<p>1. Geltungsbereich F\u00fcr alle Bestellungen \u00fcber unseren Online-Shop gelten die nachfolgenden AGB. 2. Vertragspartner, Vertragsschluss Der Kaufvertrag kommt zustande mit Frauke Rose, Carl-Stegmann-Str. 6a, 26571 Juist. Mit Einstellung der Produkte in den Online-Shop geben wir ein verbindliches Angebot zum Vertragsschluss \u00fcber diese Artikel ab. Sie k\u00f6nnen unsere Produkte zun\u00e4chst unverbindlich [&hellip;]<\/p>\n","protected":false},"author":1,"featured_media":0,"parent":0,"menu_order":0,"comment_status":"closed","ping_status":"closed","template":"","meta":{"footnotes":""},"class_list":["post-350","page","type-page","status-publish","hentry"],"jetpack_sharing_enabled":true,"_links":{"self":[{"href":"https:\/\/insel-buch.de\/index.php?rest_route=\/wp\/v2\/pages\/350","targetHints":{"allow":["GET"]}}],"collection":[{"href":"https:\/\/insel-buch.de\/index.php?rest_route=\/wp\/v2\/pages"}],"about":[{"href":"https:\/\/insel-buch.de\/index.php?rest_route=\/wp\/v2\/types\/page"}],"author":[{"embeddable":true,"href":"https:\/\/insel-buch.de\/index.php?rest_route=\/wp\/v2\/users\/1"}],"replies":[{"embeddable":true,"href":"https:\/\/insel-buch.de\/index.php?rest_route=%2Fwp%2Fv2%2Fcomments&post=350"}],"version-history":[{"count":7,"href":"https:\/\/insel-buch.de\/index.php?rest_route=\/wp\/v2\/pages\/350\/revisions"}],"predecessor-version":[{"id":450,"href":"https:\/\/insel-buch.de\/index.php?rest_route=\/wp\/v2\/pages\/350\/revisions\/450"}],"wp:attachment":[{"href":"https:\/\/insel-buch.de\/index.php?rest_route=%2Fwp%2Fv2%2Fmedia&parent=350"}],"curies":[{"name":"wp","href":"https:\/\/api.w.org\/{rel}","templated":true}]}}