{"id":25,"date":"2019-05-10T12:53:21","date_gmt":"2019-05-10T12:53:21","guid":{"rendered":"http:\/\/insel-buch.de\/zahlungsweisen"},"modified":"2019-10-10T19:03:18","modified_gmt":"2019-10-10T19:03:18","slug":"zahlungsweisen","status":"publish","type":"page","link":"https:\/\/insel-buch.de\/?page_id=25","title":{"rendered":"Zahlungsweisen"},"content":{"rendered":"<p><strong>Zahlungsarten<\/strong><\/p>\n<p>Wir bieten Ihnen folgende Zahlungsarten an. Suchen Sie sich einfach die f\u00fcr Sie optimale Zahlart aus. Die Versandkosten sind teilweise abh\u00e4ngig von der gew\u00e4hlten Zahlungsart. Die in den jeweiligen Angeboten angef\u00fchrten Preise stellen Endpreise dar. Sie beinhalten alle Preisbestandteile einschlie\u00dflich etwaig anfallender Steuern wie Mehrwertsteuer. Nur bei grenz\u00fcberschreitender Lieferung k\u00f6nnen im Einzelfall weitere Steuern (z.B. im Falle eines innergemeinschaftlichen Erwerbs) und\/oder Abgaben (z.B. Z\u00f6lle) von Ihnen zu zahlen sein, jedoch nicht an den Verk\u00e4ufer, sondern an die dort zust\u00e4ndigen Zoll- bzw. Steuerbeh\u00f6rden. Die anfallenden Liefer- und Versandkosten sind nicht im Kaufpreis enthalten, sie sind \u00fcber die Seite \u201eVersandkosten\u201c aufrufbar, werden im Laufe des Bestellvorganges gesondert<\/p>\n<p><em>Kreditkarte<\/em><\/p>\n<p>Zahlen Sie ganz einfach per Kreditkarte. Verf\u00fcgbar \u00fcber PayPal.<\/p>\n<p><em>PayPal<\/em><\/p>\n<p>Noch schneller und sicherer bezahlen mit ihrem PayPal-Konto.<\/p>\n<p><em>Vorkasse<\/em><\/p>\n<p>Nach Eingang des Rechnungsbetrages auf unser Konto wird die Bestellung versendet.<\/p>\n<p>Bitte \u00fcberweisen Sie den Gesamtbetrag Ihrer Bestellung auf unser Konto:<\/p>\n<p>Kontoinhaber: Demoshop GmbH &amp; Co.KG<br \/>\nKontonummer: 10000000<br \/>\nBLZ: 222 22 222<br \/>\nKreditinstitut: Bank Demostadt<br \/>\nSWIFT: DELE944834<br \/>\nIBAN: DE12345678910111213<\/p>\n","protected":false},"excerpt":{"rendered":"<p>Zahlungsarten Wir bieten Ihnen folgende Zahlungsarten an. Suchen Sie sich einfach die f\u00fcr Sie optimale Zahlart aus. Die Versandkosten sind teilweise abh\u00e4ngig von der gew\u00e4hlten Zahlungsart. Die in den jeweiligen Angeboten angef\u00fchrten Preise stellen Endpreise dar. Sie beinhalten alle Preisbestandteile einschlie\u00dflich etwaig anfallender Steuern wie Mehrwertsteuer. Nur bei grenz\u00fcberschreitender Lieferung [&hellip;]<\/p>\n","protected":false},"author":1,"featured_media":0,"parent":0,"menu_order":0,"comment_status":"closed","ping_status":"closed","template":"","meta":{"footnotes":""},"class_list":["post-25","page","type-page","status-publish","hentry"],"jetpack_sharing_enabled":true,"_links":{"self":[{"href":"https:\/\/insel-buch.de\/index.php?rest_route=\/wp\/v2\/pages\/25","targetHints":{"allow":["GET"]}}],"collection":[{"href":"https:\/\/insel-buch.de\/index.php?rest_route=\/wp\/v2\/pages"}],"about":[{"href":"https:\/\/insel-buch.de\/index.php?rest_route=\/wp\/v2\/types\/page"}],"author":[{"embeddable":true,"href":"https:\/\/insel-buch.de\/index.php?rest_route=\/wp\/v2\/users\/1"}],"replies":[{"embeddable":true,"href":"https:\/\/insel-buch.de\/index.php?rest_route=%2Fwp%2Fv2%2Fcomments&post=25"}],"version-history":[{"count":4,"href":"https:\/\/insel-buch.de\/index.php?rest_route=\/wp\/v2\/pages\/25\/revisions"}],"predecessor-version":[{"id":295,"href":"https:\/\/insel-buch.de\/index.php?rest_route=\/wp\/v2\/pages\/25\/revisions\/295"}],"wp:attachment":[{"href":"https:\/\/insel-buch.de\/index.php?rest_route=%2Fwp%2Fv2%2Fmedia&parent=25"}],"curies":[{"name":"wp","href":"https:\/\/api.w.org\/{rel}","templated":true}]}}